{"id":1406,"date":"2020-10-21T14:47:40","date_gmt":"2020-10-21T14:47:40","guid":{"rendered":"https:\/\/avadawebsites.wpengine.com\/psychology\/?page_id=1406"},"modified":"2024-07-23T10:08:56","modified_gmt":"2024-07-23T10:08:56","slug":"services","status":"publish","type":"page","link":"https:\/\/podoarco.com\/?page_id=1406","title":{"rendered":"Services"},"content":{"rendered":"<div class=\"fusion-fullwidth fullwidth-box fusion-builder-row-1 fusion-flex-container nonhundred-percent-fullwidth non-hundred-percent-height-scrolling\" style=\"--awb-border-radius-top-left:0px;--awb-border-radius-top-right:0px;--awb-border-radius-bottom-right:0px;--awb-border-radius-bottom-left:0px;--awb-padding-top:5vw;--awb-padding-bottom:5vw;--awb-flex-wrap:wrap;\" ><div class=\"fusion-builder-row fusion-row fusion-flex-align-items-stretch fusion-flex-content-wrap\" style=\"max-width:1365px;margin-left: calc(-5% \/ 2 );margin-right: calc(-5% \/ 2 );\"><div class=\"fusion-layout-column fusion_builder_column fusion-builder-column-0 fusion_builder_column_1_2 1_2 fusion-flex-column fusion-animated\" style=\"--awb-padding-top:6vw;--awb-padding-right:4vw;--awb-padding-bottom:6vw;--awb-padding-left:4vw;--awb-padding-top-small:9vw;--awb-padding-right-small:4vw;--awb-padding-bottom-small:9vw;--awb-padding-left-small:4vw;--awb-overflow:hidden;--awb-bg-color:rgba(166,109,63,0.66);--awb-bg-color-hover:rgba(166,109,63,0.66);--awb-bg-image:linear-gradient(180deg, rgba(173,123,69,0.56) 0%,#bfbfbf 100%);;--awb-bg-size:cover;--awb-box-shadow: 0px 0px ;;--awb-border-radius:6px 6px 6px 6px;--awb-width-large:50%;--awb-margin-top-large:0px;--awb-spacing-right-large:4.75%;--awb-margin-bottom-large:0px;--awb-spacing-left-large:4.75%;--awb-width-medium:50%;--awb-order-medium:0;--awb-spacing-right-medium:4.75%;--awb-spacing-left-medium:4.75%;--awb-width-small:100%;--awb-order-small:0;--awb-spacing-right-small:2.375%;--awb-margin-bottom-small:6vw;--awb-spacing-left-small:2.375%;\" data-animationType=\"fadeInUp\" data-animationDuration=\"1.0\" data-animationOffset=\"top-into-view\"><div class=\"fusion-column-wrapper lazyload fusion-column-has-shadow fusion-flex-justify-content-center fusion-content-layout-column fusion-column-has-bg-image\" data-bg-url=\"https:\/\/podoarco.es\/wp-content\/uploads\/2024\/01\/iStock-874204042-1-jpg.webp\" data-bg=\"https:\/\/podoarco.es\/wp-content\/uploads\/2024\/01\/iStock-874204042-1-jpg.webp\" data-bg-gradient=\"linear-gradient(180deg, rgba(173,123,69,0.56) 0%,#bfbfbf 100%)\"><div class=\"fusion-title title fusion-title-1 fusion-sep-none fusion-title-center fusion-title-text fusion-title-size-two\" style=\"--awb-text-color:var(--awb-color1);\"><h2 class=\"fusion-title-heading title-heading-center\" style=\"margin:0;\">Cl\u00ednica en Zaragoza<\/h2><\/div><div class=\"fusion-text fusion-text-1\" style=\"--awb-content-alignment:center;--awb-font-size:17px;--awb-line-height:1.9;--awb-text-color:var(--awb-color1);\"><p><strong>-Quiropodia<\/strong>: acto podol\u00f3gico en el que se tratan afecciones dermatol\u00f3gicas y del aparato ungueal de manera no cruenta: Deslaminaci\u00f3n de hiperqueratosis, Enucleaci\u00f3n de helomas, Tratamiento onicocriptosis, Reeducaci\u00f3n ungueal, Onicogrifosis, Onicomicosis, Helomas subungueales y periungueales, Problemas de sudoraci\u00f3n, Dermatomicosis&#8230;<\/p>\n<p><strong>&#8211; Tratamiento Papiloma v\u00edrico<\/strong><\/p>\n<p><strong>&#8211; Estudio biomec\u00e1nico y exploraci\u00f3n: <\/strong>Estudio de la marcha y an\u00e1lisis de la huella plantar, Estudio mediante plataforma podobarom\u00e9trica, Exploraci\u00f3n en bipedestaci\u00f3n est\u00e1tica de alteraciones estructurales<\/p>\n<p><strong>-Tratamiento de alteraciones funcionales, <\/strong>Pie cavo. Pie con descenso de b\u00f3veda plantar. Valgo\/Varo de retropi\u00e9, Hallux valgus, Fascitis plantares, Metatarsalgias, Talalgias, Correcci\u00f3n de alteraciones digitales\/ Ortesis<\/p>\n<p><strong>-Diagn\u00f3stico funcional y prescripci\u00f3n de soportes plantares<\/strong><\/p>\n<p><strong>-Pie diab\u00e9tico: <\/strong>Prevenci\u00f3n y tratamiento de \u00falceras por presi\u00f3n y lesiones asociadas<\/p>\n<p><strong>-Pie de riesgo<\/strong><\/p>\n<\/div><div style=\"text-align:center;\"><a class=\"fusion-button button-flat fusion-button-default-size button-custom fusion-button-default button-1 fusion-button-default-span fusion-button-default-type\" style=\"--button_accent_color:var(--awb-color1);--button_accent_hover_color:var(--awb-color5);--button_border_hover_color:var(--awb-color5);--button_border_width-top:1px;--button_border_width-right:1px;--button_border_width-bottom:1px;--button_border_width-left:1px;--button_gradient_top_color:rgba(255,255,255,0);--button_gradient_bottom_color:rgba(255,255,255,0);--button_gradient_top_color_hover:var(--awb-color1);--button_gradient_bottom_color_hover:var(--awb-color1);--button_margin-top:20px;\" target=\"_self\" href=\"https:\/\/podoarco.es\/?page_id=1530\"><span class=\"fusion-button-text\">Contactar<\/span><\/a><\/div><\/div><\/div><div class=\"fusion-layout-column fusion_builder_column fusion-builder-column-1 fusion_builder_column_1_2 1_2 fusion-flex-column fusion-animated\" style=\"--awb-padding-top:6vw;--awb-padding-right:4vw;--awb-padding-bottom:6vw;--awb-padding-left:4vw;--awb-padding-top-small:9vw;--awb-padding-right-small:4vw;--awb-padding-bottom-small:9vw;--awb-padding-left-small:4vw;--awb-overflow:hidden;--awb-bg-color:#6381b7;--awb-bg-color-hover:#6381b7;--awb-bg-image:linear-gradient(180deg, hsla(var(--awb-color7-h),var(--awb-color7-s),var(--awb-color7-l),calc( var(--awb-color7-a) - 50% )) 0%,hsla(var(--awb-color7-h),var(--awb-color7-s),var(--awb-color7-l),calc( var(--awb-color7-a) - 50% )) 100%);;--awb-bg-size:cover;--awb-border-radius:6px 6px 6px 6px;--awb-width-large:50%;--awb-margin-top-large:0px;--awb-spacing-right-large:4.75%;--awb-margin-bottom-large:0px;--awb-spacing-left-large:4.75%;--awb-width-medium:50%;--awb-order-medium:0;--awb-spacing-right-medium:4.75%;--awb-spacing-left-medium:4.75%;--awb-width-small:100%;--awb-order-small:0;--awb-spacing-right-small:2.375%;--awb-margin-bottom-small:6vw;--awb-spacing-left-small:2.375%;\" data-animationType=\"fadeInUp\" data-animationDuration=\"1.5\" data-animationOffset=\"top-into-view\"><div class=\"fusion-column-wrapper lazyload fusion-column-has-shadow fusion-flex-justify-content-center fusion-content-layout-column fusion-column-has-bg-image\" data-bg-url=\"https:\/\/podoarco.es\/wp-content\/uploads\/2020\/09\/blog-6-jpg.webp\" data-bg=\"https:\/\/podoarco.es\/wp-content\/uploads\/2020\/09\/blog-6-jpg.webp\" data-bg-gradient=\"linear-gradient(180deg, hsla(var(--awb-color7-h),var(--awb-color7-s),var(--awb-color7-l),calc( var(--awb-color7-a) - 50% )) 0%,hsla(var(--awb-color7-h),var(--awb-color7-s),var(--awb-color7-l),calc( var(--awb-color7-a) - 50% )) 100%)\"><div class=\"fusion-title title fusion-title-2 fusion-sep-none fusion-title-center fusion-title-text fusion-title-size-two\" style=\"--awb-text-color:var(--awb-color1);\"><h2 class=\"fusion-title-heading title-heading-center\" style=\"margin:0;\">Cl\u00ednica en Madrid<\/h2><\/div><div class=\"fusion-text fusion-text-2\" style=\"--awb-content-alignment:center;--awb-font-size:17px;--awb-line-height:1.9;--awb-text-color:var(--awb-color1);\"><p><strong>-Quiropodia<\/strong>: acto podol\u00f3gico en el que se tratan afecciones dermatol\u00f3gicas y del aparato ungueal de manera no cruenta: Deslaminaci\u00f3n de hiperqueratosis, Enucleaci\u00f3n de helomas, Tratamiento onicocriptosis, Reeducaci\u00f3n ungueal, Onicogrifosis, Onicomicosis, Helomas subungueales y periungueales, Problemas de sudoraci\u00f3n, Dermatomicosis&#8230;<\/p>\n<p><strong>&#8211; Tratamiento Papiloma v\u00edrico<\/strong><\/p>\n<p><strong>&#8211; Estudio biomec\u00e1nico y exploraci\u00f3n: <\/strong>Estudio de la marcha y an\u00e1lisis de la huella plantar, Estudio mediante plataforma podobarom\u00e9trica, Exploraci\u00f3n en bipedestaci\u00f3n est\u00e1tica de alteraciones estructurales<\/p>\n<p><strong>-Tratamiento de alteraciones funcionales, <\/strong>Pie cavo. Pie con descenso de b\u00f3veda plantar. Valgo\/Varo de retropi\u00e9, Hallux valgus, Fascitis plantares, Metatarsalgias, Talalgias, Correcci\u00f3n de alteraciones digitales\/ Ortesis<\/p>\n<p><strong>-Diagn\u00f3stico funcional y prescripci\u00f3n de soportes plantares<\/strong><\/p>\n<p><strong>-Pie diab\u00e9tico: <\/strong>Prevenci\u00f3n y tratamiento de \u00falceras por presi\u00f3n y lesiones asociadas<\/p>\n<p><strong>-Pie de riesgo<\/strong><\/p>\n<\/div><div style=\"text-align:center;\"><a class=\"fusion-button button-flat fusion-button-default-size button-custom fusion-button-default button-2 fusion-button-default-span fusion-button-default-type\" style=\"--button_accent_color:var(--awb-color1);--button_accent_hover_color:var(--awb-color7);--button_border_hover_color:var(--awb-color7);--button_border_width-top:1px;--button_border_width-right:1px;--button_border_width-bottom:1px;--button_border_width-left:1px;--button_gradient_top_color:rgba(255,255,255,0);--button_gradient_bottom_color:rgba(255,255,255,0);--button_gradient_top_color_hover:var(--awb-color1);--button_gradient_bottom_color_hover:var(--awb-color1);--button_margin-top:20px;\" target=\"_self\" href=\"https:\/\/podoarco.es\/?page_id=1530\"><span class=\"fusion-button-text\">Contactar<\/span><\/a><\/div><\/div><\/div><\/div><\/div>\n","protected":false},"excerpt":{"rendered":"","protected":false},"author":1,"featured_media":2048,"parent":0,"menu_order":0,"comment_status":"closed","ping_status":"closed","template":"100-width.php","meta":{"content-type":"","footnotes":""},"class_list":["post-1406","page","type-page","status-publish","has-post-thumbnail","hentry"],"_links":{"self":[{"href":"https:\/\/podoarco.com\/index.php?rest_route=\/wp\/v2\/pages\/1406","targetHints":{"allow":["GET"]}}],"collection":[{"href":"https:\/\/podoarco.com\/index.php?rest_route=\/wp\/v2\/pages"}],"about":[{"href":"https:\/\/podoarco.com\/index.php?rest_route=\/wp\/v2\/types\/page"}],"author":[{"embeddable":true,"href":"https:\/\/podoarco.com\/index.php?rest_route=\/wp\/v2\/users\/1"}],"replies":[{"embeddable":true,"href":"https:\/\/podoarco.com\/index.php?rest_route=%2Fwp%2Fv2%2Fcomments&post=1406"}],"version-history":[{"count":6,"href":"https:\/\/podoarco.com\/index.php?rest_route=\/wp\/v2\/pages\/1406\/revisions"}],"predecessor-version":[{"id":2122,"href":"https:\/\/podoarco.com\/index.php?rest_route=\/wp\/v2\/pages\/1406\/revisions\/2122"}],"wp:featuredmedia":[{"embeddable":true,"href":"https:\/\/podoarco.com\/index.php?rest_route=\/wp\/v2\/media\/2048"}],"wp:attachment":[{"href":"https:\/\/podoarco.com\/index.php?rest_route=%2Fwp%2Fv2%2Fmedia&parent=1406"}],"curies":[{"name":"wp","href":"https:\/\/api.w.org\/{rel}","templated":true}]}}