{"id":1967,"date":"2020-09-18T15:48:10","date_gmt":"2020-09-18T15:48:10","guid":{"rendered":"https:\/\/avadawebsites.wpengine.com\/psychology\/?page_id=5"},"modified":"2024-07-23T10:43:30","modified_gmt":"2024-07-23T10:43:30","slug":"podoraco-inicio","status":"publish","type":"page","link":"https:\/\/podoarco.com\/","title":{"rendered":"Podoraco Inicio"},"content":{"rendered":"<p><div class=\"fusion-fullwidth fullwidth-box fusion-builder-row-1 fusion-flex-container hundred-percent-fullwidth non-hundred-percent-height-scrolling\" style=\"--awb-border-sizes-top:0;--awb-border-color:var(--awb-color3);--awb-border-radius-top-left:0px;--awb-border-radius-top-right:0px;--awb-border-radius-bottom-right:0px;--awb-border-radius-bottom-left:0px;--awb-padding-right:0px;--awb-padding-left:0px;--awb-padding-right-medium:40px;--awb-padding-right-small:0px;--awb-padding-left-small:0px;--awb-background-image:linear-gradient(180deg, var(--awb-color1) 70%,hsla(var(--awb-color3-h),var(--awb-color3-s),var(--awb-color3-l),calc( var(--awb-color3-a) - 40% )) 100%);--awb-flex-wrap:wrap;\" ><div class=\"fusion-builder-row fusion-row fusion-flex-align-items-flex-start fusion-flex-content-wrap\" style=\"width:calc( 100% + 0px ) !important;max-width:calc( 100% + 0px ) !important;margin-left: calc(-0px \/ 2 );margin-right: calc(-0px \/ 2 );\"><div class=\"fusion-layout-column fusion_builder_column fusion-builder-column-0 fusion_builder_column_1_3 1_3 fusion-flex-column fusion-flex-align-self-flex-start fusion-animated\" style=\"--awb-padding-bottom:8vh;--awb-padding-bottom-small:0px;--awb-bg-size:cover;--awb-width-large:33.333333333333%;--awb-margin-top-large:0px;--awb-spacing-right-large:0;--awb-margin-bottom-large:0px;--awb-spacing-left-large:0;--awb-width-medium:33.333333333333%;--awb-order-medium:0;--awb-spacing-right-medium:0;--awb-spacing-left-medium:0;--awb-width-small:100%;--awb-order-small:0;--awb-spacing-right-small:0px;--awb-spacing-left-small:0;\" data-animationType=\"fadeInLeft\" data-animationDuration=\"1.0\" data-animationOffset=\"top-into-view\"><div class=\"fusion-column-wrapper fusion-column-has-shadow fusion-flex-justify-content-flex-start fusion-content-layout-column\"><div class=\"fusion-image-element \" style=\"--awb-aspect-ratio: 100 \/ 115;--awb-caption-title-font-family:var(--h2_typography-font-family);--awb-caption-title-font-weight:var(--h2_typography-font-weight);--awb-caption-title-font-style:var(--h2_typography-font-style);--awb-caption-title-size:var(--h2_typography-font-size);--awb-caption-title-transform:var(--h2_typography-text-transform);--awb-caption-title-line-height:var(--h2_typography-line-height);--awb-caption-title-letter-spacing:var(--h2_typography-letter-spacing);\"><span class=\" fusion-imageframe imageframe-none imageframe-1 hover-type-none has-aspect-ratio\"><img decoding=\"async\" width=\"824\" height=\"735\" title=\"podologopodoarco\" src=\"https:\/\/podoarco.es\/wp-content\/uploads\/2024\/01\/podologopodoarco.png\" class=\"img-responsive wp-image-1993 img-with-aspect-ratio disable-lazyload\" alt srcset=\"https:\/\/podoarco.com\/wp-content\/uploads\/2024\/01\/podologopodoarco-200x178.png 200w, https:\/\/podoarco.com\/wp-content\/uploads\/2024\/01\/podologopodoarco-400x357.png 400w, https:\/\/podoarco.com\/wp-content\/uploads\/2024\/01\/podologopodoarco-600x535.png 600w, https:\/\/podoarco.com\/wp-content\/uploads\/2024\/01\/podologopodoarco-800x714.png 800w, https:\/\/podoarco.com\/wp-content\/uploads\/2024\/01\/podologopodoarco.png 824w\" sizes=\"(max-width: 700px) 100vw, 600px\" \/><\/span><\/div><\/div><\/div><div class=\"fusion-layout-column fusion_builder_column fusion-builder-column-1 fusion_builder_column_3_5 3_5 fusion-flex-column fusion-animated\" style=\"--awb-padding-top:5vw;--awb-padding-right:12vw;--awb-padding-bottom:5vw;--awb-padding-left:110px;--awb-padding-top-medium:7vh;--awb-padding-right-medium:0px;--awb-padding-bottom-medium:7vh;--awb-padding-top-small:11vw;--awb-padding-right-small:8vw;--awb-padding-bottom-small:11vw;--awb-padding-left-small:8vw;--awb-bg-color:rgba(255,255,255,0);--awb-bg-color-hover:rgba(255,255,255,0);--awb-bg-size:cover;--awb-width-large:60%;--awb-margin-top-large:0px;--awb-spacing-right-large:0;--awb-margin-bottom-large:0px;--awb-spacing-left-large:62px;--awb-width-medium:60%;--awb-order-medium:0;--awb-spacing-right-medium:0;--awb-spacing-left-medium:62px;--awb-width-small:100%;--awb-order-small:0;--awb-spacing-right-small:0;--awb-spacing-left-small:62px;\" data-animationType=\"fadeInUp\" data-animationDuration=\"1.0\" data-animationOffset=\"top-into-view\"><div class=\"fusion-column-wrapper fusion-column-has-shadow fusion-flex-justify-content-flex-start fusion-content-layout-row\"><div class=\"fusion-text fusion-text-1\" style=\"--awb-font-size:var(--awb-typography2-font-size);--awb-line-height:var(--awb-typography2-line-height);--awb-letter-spacing:var(--awb-typography2-letter-spacing);--awb-text-transform:var(--awb-typography2-text-transform);--awb-text-color:var(--awb-color5);--awb-text-font-family:var(--awb-typography2-font-family);--awb-text-font-weight:var(--awb-typography2-font-weight);--awb-text-font-style:var(--awb-typography2-font-style);\"><p>\u00a1Bienvenido al Centro Podoarco!<\/p>\n<\/div><div class=\"fusion-title title fusion-title-1 fusion-no-small-visibility fusion-no-medium-visibility fusion-sep-none fusion-title-text fusion-title-size-one\" style=\"--awb-margin-bottom:30px;--awb-font-size:45px;\"><h1 class=\"fusion-title-heading title-heading-left\" style=\"margin:0;font-size:1em;\">CL\u00cdNICA PODOLOGICA EN ZARAGOZA Y MADRID<\/h1><\/div><div class=\"fusion-title title fusion-title-2 fusion-no-large-visibility fusion-sep-none fusion-title-text fusion-title-size-one\" style=\"--awb-margin-bottom:30px;--awb-margin-bottom-small:30px;--awb-font-size:42px;\"><h1 class=\"fusion-title-heading title-heading-left\" style=\"margin:0;font-size:1em;\">CL\u00cdNICA PODOL\u00d3GICA EN MADRID<\/h1><\/div><div class=\"fusion-text fusion-text-2 fusion-no-small-visibility fusion-no-medium-visibility\" style=\"--awb-font-size:20px;\"><p>En Podoarco, nos especializamos en la valoraci\u00f3n integral del pie, brindando un enfoque completo para el diagn\u00f3stico y tratamiento de diversas afecciones y deformidades podol\u00f3gicas. Nuestro equipo de profesionales altamente capacitados utiliza las t\u00e9cnicas terap\u00e9uticas m\u00e1s adecuadas para garantizar la salud y bienestar de tus pies.<\/p>\n<\/div><div style=\"text-align:left;\"><a class=\"fusion-button button-flat button-xlarge button-default fusion-button-default button-1 fusion-button-default-span fusion-button-default-type fusion-no-small-visibility fusion-no-medium-visibility\" style=\"--button_margin-top:35px;\" target=\"_self\" href=\"https:\/\/podoarco.es\/?page_id=1000\"><span class=\"fusion-button-text\">Saber m\u00e1s<\/span><\/a><\/div><\/div><\/div><\/div><\/div><div class=\"fusion-fullwidth fullwidth-box fusion-builder-row-2 fusion-flex-container has-pattern-background has-mask-background fusion-parallax-fixed hundred-percent-fullwidth non-hundred-percent-height-scrolling lazyload\" style=\"--awb-border-radius-top-left:0px;--awb-border-radius-top-right:0px;--awb-border-radius-bottom-right:0px;--awb-border-radius-bottom-left:0px;--awb-padding-top:4vw;--awb-padding-right:3vw;--awb-padding-bottom:4vw;--awb-padding-left:0px;--awb-padding-top-small:9vw;--awb-padding-right-small:9vw;--awb-padding-bottom-small:9vw;--awb-padding-left-small:9vw;--awb-background-size:cover;--awb-flex-wrap:wrap;background-attachment:fixed;\" data-bg=\"https:\/\/podoarco.es\/wp-content\/uploads\/2024\/01\/podologoenzaragoza-scaled.webp\" ><div class=\"fusion-builder-row fusion-row fusion-flex-align-items-stretch fusion-flex-justify-content-flex-end fusion-flex-content-wrap\" style=\"width:calc( 100% + 0px ) !important;max-width:calc( 100% + 0px ) !important;margin-left: calc(-0px \/ 2 );margin-right: calc(-0px \/ 2 );\"><div class=\"fusion-layout-column fusion_builder_column fusion-builder-column-2 fusion_builder_column_2_5 2_5 fusion-flex-column fusion-animated\" style=\"--awb-padding-top:4vw;--awb-padding-right:4vw;--awb-padding-bottom:4vw;--awb-padding-left:4vw;--awb-padding-top-small:11vw;--awb-padding-right-small:11vw;--awb-padding-bottom-small:11vw;--awb-padding-left-small:11vw;--awb-overflow:hidden;--awb-bg-color:hsla(var(--awb-color5-h),var(--awb-color5-s),var(--awb-color5-l),calc(var(--awb-color5-a) - 10%));--awb-bg-color-hover:hsla(var(--awb-color5-h),var(--awb-color5-s),var(--awb-color5-l),calc(var(--awb-color5-a) - 10%));--awb-bg-size:cover;--awb-border-radius:6px 6px 6px 6px;--awb-width-large:40%;--awb-margin-top-large:0px;--awb-spacing-right-large:0;--awb-margin-bottom-large:0px;--awb-spacing-left-large:0;--awb-width-medium:50%;--awb-order-medium:0;--awb-spacing-right-medium:0;--awb-spacing-left-medium:0;--awb-width-small:100%;--awb-order-small:0;--awb-spacing-right-small:0;--awb-spacing-left-small:0;\" data-animationType=\"fadeInUp\" data-animationDuration=\"1.5\" data-animationOffset=\"top-into-view\"><div class=\"fusion-column-wrapper fusion-column-has-shadow fusion-flex-justify-content-center fusion-content-layout-column\"><div class=\"fusion-title title fusion-title-3 fusion-sep-none fusion-title-center fusion-title-text fusion-title-size-two\" style=\"--awb-text-color:var(--awb-color1);--awb-margin-bottom:30px;\"><h2 class=\"fusion-title-heading title-heading-center\" style=\"margin:0;\">Cl\u00ednica podol\u00f3gica Arco Zaragoza<\/h2><\/div><div class=\"fusion-text fusion-text-3\" style=\"--awb-content-alignment:center;--awb-font-size:17px;--awb-line-height:1.9;--awb-text-color:var(--awb-color1);\"><p class=\"CDt4Ke zfr3Q\" dir=\"ltr\"><strong>Direcci\u00f3n<\/strong>: C\/ Doctor Ricardo Lozano Monz\u00f3n, 9 50006 Zaragoza<\/p>\n<p class=\"CDt4Ke zfr3Q\" dir=\"ltr\"><strong>Tel\u00e9fono<\/strong>: 876 644 990<\/p>\n<p class=\"CDt4Ke zfr3Q\" dir=\"ltr\"><strong>Cita previa Horario<\/strong>: Lunes, jueves y viernes de 10:00 a 14:00 y de 16:00 a 20:00<\/p>\n<\/div><a class=\"fusion-modal-text-link\" href=\"#\"><iframe style=\"border: 0;\" src=\"https:\/\/www.google.com\/maps\/embed?pb=!1m18!1m12!1m3!1d2981.682861091562!2d-0.8912110235502864!3d41.64098598022601!2m3!1f0!2f0!3f0!3m2!1i1024!2i768!4f13.1!3m3!1m2!1s0xd5914de5bd06557%3A0x6326a27c506521b8!2sC%2F%20del%20Dr.%20Ricardo%20Lozano%20Monz%C3%B3n%2C%209%2C%2050006%20Zaragoza!5e0!3m2!1ses!2ses!4v1721731370291!5m2!1ses!2ses\" width=\"100%\" height=\"450\" allowfullscreen=\"allowfullscreen\"><\/iframe><\/a><\/div><\/div><div class=\"fusion-layout-column fusion_builder_column fusion-builder-column-3 fusion_builder_column_1_6 1_6 fusion-flex-column fusion-animated\" style=\"--awb-padding-top:4vw;--awb-padding-right:4vw;--awb-padding-bottom:4vw;--awb-padding-left:4vw;--awb-padding-top-small:11vw;--awb-padding-right-small:11vw;--awb-padding-bottom-small:11vw;--awb-padding-left-small:11vw;--awb-overflow:hidden;--awb-bg-color:rgba(166,109,63,0);--awb-bg-color-hover:rgba(166,109,63,0);--awb-bg-size:cover;--awb-border-radius:6px 6px 6px 6px;--awb-width-large:16.666666666667%;--awb-margin-top-large:0px;--awb-spacing-right-large:0;--awb-margin-bottom-large:0px;--awb-spacing-left-large:0;--awb-width-medium:50%;--awb-order-medium:0;--awb-spacing-right-medium:0;--awb-spacing-left-medium:0;--awb-width-small:100%;--awb-order-small:0;--awb-spacing-right-small:0;--awb-spacing-left-small:0;\" data-animationType=\"fadeInUp\" data-animationDuration=\"1.5\" data-animationOffset=\"top-into-view\" data-motion-effects=\"[{&quot;type&quot;:&quot;&quot;,&quot;scroll_type&quot;:&quot;transition&quot;,&quot;scroll_direction&quot;:&quot;up&quot;,&quot;transition_speed&quot;:&quot;1&quot;,&quot;fade_type&quot;:&quot;in&quot;,&quot;scale_type&quot;:&quot;up&quot;,&quot;initial_scale&quot;:&quot;1&quot;,&quot;max_scale&quot;:&quot;1.5&quot;,&quot;min_scale&quot;:&quot;0.5&quot;,&quot;initial_rotate&quot;:&quot;0&quot;,&quot;end_rotate&quot;:&quot;30&quot;,&quot;initial_blur&quot;:&quot;0&quot;,&quot;end_blur&quot;:&quot;3&quot;,&quot;start_element&quot;:&quot;top&quot;,&quot;start_viewport&quot;:&quot;bottom&quot;,&quot;end_element&quot;:&quot;bottom&quot;,&quot;end_viewport&quot;:&quot;top&quot;,&quot;mouse_effect&quot;:&quot;track&quot;,&quot;mouse_effect_direction&quot;:&quot;opposite&quot;,&quot;mouse_effect_speed&quot;:&quot;2&quot;,&quot;infinite_animation&quot;:&quot;float&quot;,&quot;infinite_animation_speed&quot;:&quot;2&quot;}]\" data-scroll-devices=\"small-visibility,medium-visibility,large-visibility\"><div class=\"fusion-column-wrapper fusion-column-has-shadow fusion-flex-justify-content-center fusion-content-layout-column\"><\/div><\/div><div class=\"fusion-layout-column fusion_builder_column fusion-builder-column-4 fusion_builder_column_2_5 2_5 fusion-flex-column fusion-animated\" style=\"--awb-padding-top:4vw;--awb-padding-right:4vw;--awb-padding-bottom:4vw;--awb-padding-left:4vw;--awb-padding-top-small:11vw;--awb-padding-right-small:11vw;--awb-padding-bottom-small:11vw;--awb-padding-left-small:11vw;--awb-overflow:hidden;--awb-bg-color:hsla(var(--awb-color5-h),var(--awb-color5-s),var(--awb-color5-l),calc(var(--awb-color5-a) - 10%));--awb-bg-color-hover:hsla(var(--awb-color5-h),var(--awb-color5-s),var(--awb-color5-l),calc(var(--awb-color5-a) - 10%));--awb-bg-size:cover;--awb-border-radius:6px 6px 6px 6px;--awb-width-large:40%;--awb-margin-top-large:0px;--awb-spacing-right-large:0;--awb-margin-bottom-large:0px;--awb-spacing-left-large:0;--awb-width-medium:50%;--awb-order-medium:0;--awb-spacing-right-medium:0;--awb-spacing-left-medium:0;--awb-width-small:100%;--awb-order-small:0;--awb-spacing-right-small:0;--awb-spacing-left-small:0;\" data-animationType=\"fadeInUp\" data-animationDuration=\"1.5\" data-animationOffset=\"top-into-view\"><div class=\"fusion-column-wrapper fusion-column-has-shadow fusion-flex-justify-content-center fusion-content-layout-column\"><div class=\"fusion-title title fusion-title-4 fusion-sep-none fusion-title-center fusion-title-text fusion-title-size-two\" style=\"--awb-text-color:var(--awb-color1);--awb-margin-bottom:30px;\"><h2 class=\"fusion-title-heading title-heading-center\" style=\"margin:0;\">Cl\u00ednica podol\u00f3gica Arco Madrid<\/h2><\/div><div class=\"fusion-text fusion-text-4\" style=\"--awb-content-alignment:center;--awb-font-size:17px;--awb-line-height:1.9;--awb-text-color:var(--awb-color1);\"><p class=\"CDt4Ke zfr3Q\" dir=\"ltr\"><strong>Direcci\u00f3n<\/strong>: Madrid C\/ Juanelo 14<\/p>\n<p class=\"CDt4Ke zfr3Q\" dir=\"ltr\"><strong>Tel\u00e9fono<\/strong>: 625396205<\/p>\n<p class=\"CDt4Ke zfr3Q\" dir=\"ltr\"><strong>Cita previa Horario<\/strong>:\u00a0Martes a Viernes: 10:00 a 13:30 y de 16:20 a 20:00<\/p>\n<\/div><a class=\"fusion-modal-text-link\" href=\"#\"><iframe style=\"border: 0;\" src=\"https:\/\/www.google.com\/maps\/embed?pb=!1m18!1m12!1m3!1d3037.885355458698!2d-3.708269923598002!3d40.41139045596377!2m3!1f0!2f0!3f0!3m2!1i1024!2i768!4f13.1!3m3!1m2!1s0xd4227d5a2324107%3A0x4547cc1c953ddb1a!2sC.%20de%20Juanelo%2C%2014%2C%20Centro%2C%2028012%20Madrid!5e0!3m2!1ses!2ses!4v1721731184122!5m2!1ses!2ses\" width=\"100%\" height=\"450\" allowfullscreen=\"allowfullscreen\"><\/iframe><\/a><\/div><\/div><\/div><\/div><div class=\"fusion-fullwidth fullwidth-box fusion-builder-row-3 fusion-flex-container nonhundred-percent-fullwidth non-hundred-percent-height-scrolling\" style=\"--awb-border-color:var(--awb-color1);--awb-border-radius-top-left:0px;--awb-border-radius-top-right:0px;--awb-border-radius-bottom-right:0px;--awb-border-radius-bottom-left:0px;--awb-padding-top:7vw;--awb-padding-bottom:7vw;--awb-padding-right-medium:5vw;--awb-padding-bottom-medium:8vw;--awb-padding-left-medium:5vw;--awb-padding-top-small:9vw;--awb-padding-bottom-small:12vw;--awb-background-color:var(--awb-color2);--awb-flex-wrap:wrap;\" ><div class=\"fusion-builder-row fusion-row fusion-flex-align-items-center fusion-flex-content-wrap\" style=\"max-width:1365px;margin-left: calc(-5% \/ 2 );margin-right: calc(-5% \/ 2 );\"><div class=\"fusion-layout-column fusion_builder_column fusion-builder-column-5 fusion_builder_column_1_2 1_2 fusion-flex-column\" style=\"--awb-bg-size:cover;--awb-width-large:50%;--awb-margin-top-large:0px;--awb-spacing-right-large:4.75%;--awb-margin-bottom-large:0px;--awb-spacing-left-large:4.75%;--awb-width-medium:50%;--awb-order-medium:0;--awb-spacing-right-medium:4.75%;--awb-spacing-left-medium:4.75%;--awb-width-small:100%;--awb-order-small:0;--awb-spacing-right-small:2.375%;--awb-spacing-left-small:2.375%;\"><div class=\"fusion-column-wrapper fusion-column-has-shadow fusion-flex-justify-content-flex-start fusion-content-layout-column\"><div class=\"fusion-image-element \" style=\"--awb-caption-title-font-family:var(--h2_typography-font-family);--awb-caption-title-font-weight:var(--h2_typography-font-weight);--awb-caption-title-font-style:var(--h2_typography-font-style);--awb-caption-title-size:var(--h2_typography-font-size);--awb-caption-title-transform:var(--h2_typography-text-transform);--awb-caption-title-line-height:var(--h2_typography-line-height);--awb-caption-title-letter-spacing:var(--h2_typography-letter-spacing);\"><span class=\" fusion-imageframe imageframe-none imageframe-2 hover-type-none\"><img decoding=\"async\" width=\"2560\" height=\"1707\" title=\"Tinia pedis or Athletes foot\" src=\"https:\/\/podoarco.com\/wp-content\/uploads\/2024\/01\/podoarco-scaled.webp\" data-orig-src=\"https:\/\/podoarco.es\/wp-content\/uploads\/2024\/01\/podoarco-scaled.webp\" alt class=\"lazyload img-responsive wp-image-1984\" srcset=\"data:image\/svg+xml,%3Csvg%20xmlns%3D%27http%3A%2F%2Fwww.w3.org%2F2000%2Fsvg%27%20width%3D%272560%27%20height%3D%271707%27%20viewBox%3D%270%200%202560%201707%27%3E%3Crect%20width%3D%272560%27%20height%3D%271707%27%20fill-opacity%3D%220%22%2F%3E%3C%2Fsvg%3E\" data-srcset=\"https:\/\/podoarco.com\/wp-content\/uploads\/2024\/01\/podoarco-200x133.webp 200w, https:\/\/podoarco.com\/wp-content\/uploads\/2024\/01\/podoarco-300x200.webp 300w, https:\/\/podoarco.com\/wp-content\/uploads\/2024\/01\/podoarco-400x267.webp 400w, https:\/\/podoarco.com\/wp-content\/uploads\/2024\/01\/podoarco-600x400.webp 600w, https:\/\/podoarco.com\/wp-content\/uploads\/2024\/01\/podoarco-768x512.webp 768w, https:\/\/podoarco.com\/wp-content\/uploads\/2024\/01\/podoarco-800x533.webp 800w, https:\/\/podoarco.com\/wp-content\/uploads\/2024\/01\/podoarco-1024x683.webp 1024w, https:\/\/podoarco.com\/wp-content\/uploads\/2024\/01\/podoarco-1200x800.webp 1200w, https:\/\/podoarco.com\/wp-content\/uploads\/2024\/01\/podoarco-1536x1024.webp 1536w, https:\/\/podoarco.com\/wp-content\/uploads\/2024\/01\/podoarco-scaled.webp 2560w\" data-sizes=\"auto\" data-orig-sizes=\"(max-width: 700px) 100vw, 600px\" \/><\/span><\/div><\/div><\/div><div class=\"fusion-layout-column fusion_builder_column fusion-builder-column-6 fusion_builder_column_1_2 1_2 fusion-flex-column\" style=\"--awb-bg-size:cover;--awb-width-large:50%;--awb-margin-top-large:0px;--awb-spacing-right-large:4.75%;--awb-margin-bottom-large:0px;--awb-spacing-left-large:4.75%;--awb-width-medium:50%;--awb-order-medium:0;--awb-spacing-right-medium:4.75%;--awb-spacing-left-medium:4.75%;--awb-width-small:100%;--awb-order-small:0;--awb-spacing-right-small:2.375%;--awb-margin-bottom-small:30px;--awb-spacing-left-small:2.375%;\"><div class=\"fusion-column-wrapper fusion-column-has-shadow fusion-flex-justify-content-flex-start fusion-content-layout-column\"><div class=\"fusion-title title fusion-title-5 fusion-no-large-visibility fusion-sep-none fusion-title-center fusion-title-text fusion-title-size-two\" style=\"--awb-margin-bottom:30px;--awb-margin-top-small:9vw;--awb-font-size:30px;\"><h2 class=\"fusion-title-heading title-heading-center\" style=\"margin:0;font-size:1em;\"><span class=\" puwcIf\">C<\/span><span class=\" puwcIf\">entro especializado en el tratamiento integral del pie y an\u00e1lisis biomec\u00e1nico de la marcha.<\/span><\/h2><\/div><div class=\"fusion-title title fusion-title-6 fusion-no-small-visibility fusion-no-medium-visibility fusion-sep-none fusion-title-center fusion-title-text fusion-title-size-two\" style=\"--awb-margin-bottom:30px;--awb-margin-top-small:9vw;--awb-font-size:48px;\"><h2 class=\"fusion-title-heading title-heading-center\" style=\"margin:0;font-size:1em;\"><span class=\" puwcIf\">C<\/span><span class=\" puwcIf\">entros especializados en el tratamiento integral del pie y an\u00e1lisis biomec\u00e1nico de la marcha.<\/span><\/h2><\/div><div class=\"fusion-text fusion-text-5\" style=\"--awb-content-alignment:center;--awb-font-size:20px;\"><p>Entendemos la importancia de mantener tus pies en \u00f3ptimas condiciones, ya que son la base de tu movilidad y confort diario. Ya sea que necesites atenci\u00f3n para problemas comunes como callosidades, juanetes o u\u00f1as encarnadas, o enfrentes desaf\u00edos m\u00e1s complejos, en Podoarco estamos aqu\u00ed para cuidar de ti.<\/p>\n<p>Conf\u00eda en nosotros para brindarte un servicio de calidad, personalizado y efectivo. \u00a1Tu comodidad y salud son nuestra prioridad!<\/p>\n<\/div><div style=\"text-align:center;\"><a class=\"fusion-button button-flat button-xlarge button-custom fusion-button-default button-2 fusion-button-default-span fusion-button-default-type\" style=\"--button_accent_color:var(--awb-color5);--button_border_color:var(--awb-color5);--button_accent_hover_color:var(--awb-color1);--button_border_hover_color:var(--awb-color1);--button_border_width-top:1px;--button_border_width-right:1px;--button_border_width-bottom:1px;--button_border_width-left:1px;--button_gradient_top_color:var(--awb-color1);--button_gradient_bottom_color:var(--awb-color1);--button_gradient_top_color_hover:var(--awb-color5);--button_gradient_bottom_color_hover:var(--awb-color5);--button_margin-top:30px;\" target=\"_self\" href=\"https:\/\/podoarco.es\/?page_id=1406\"><span class=\"fusion-button-text\">Nuestros servicios<\/span><\/a><\/div><\/div><\/div><\/div><\/div><div class=\"fusion-fullwidth fullwidth-box fusion-builder-row-4 fusion-flex-container nonhundred-percent-fullwidth non-hundred-percent-height-scrolling\" style=\"--awb-border-radius-top-left:0px;--awb-border-radius-top-right:0px;--awb-border-radius-bottom-right:0px;--awb-border-radius-bottom-left:0px;--awb-padding-top:7vw;--awb-padding-bottom:5vw;--awb-padding-top-small:0px;--awb-padding-right-small:12vw;--awb-padding-bottom-small:12vw;--awb-padding-left-small:12vw;--awb-flex-wrap:wrap;\" ><div class=\"fusion-builder-row fusion-row fusion-flex-align-items-flex-start fusion-flex-content-wrap\" style=\"max-width:1365px;margin-left: calc(-5% \/ 2 );margin-right: calc(-5% \/ 2 );\"><div class=\"fusion-layout-column fusion_builder_column fusion-builder-column-7 fusion_builder_column_1_3 1_3 fusion-flex-column\" style=\"--awb-padding-top:10px;--awb-bg-blend:overlay;--awb-bg-size:cover;--awb-width-large:33.333333333333%;--awb-margin-top-large:0px;--awb-spacing-right-large:5.7%;--awb-margin-bottom-large:0px;--awb-spacing-left-large:5.7%;--awb-width-medium:33.333333333333%;--awb-spacing-right-medium:5.7%;--awb-spacing-left-medium:5.7%;--awb-width-small:100%;--awb-spacing-right-small:2.375%;--awb-spacing-left-small:2.375%;\"><div class=\"fusion-column-wrapper fusion-flex-justify-content-flex-start fusion-content-layout-column\"><div class=\"fusion-text fusion-text-6\"><p>\u00abTrato cercano y profesional. He notado alivio al momento.\u00bb<\/p>\n<\/div><div class=\"fusion-text fusion-text-7\"><p>Fernando Salgado<\/p>\n<\/div><\/div><\/div><div class=\"fusion-layout-column fusion_builder_column fusion-builder-column-8 fusion_builder_column_1_3 1_3 fusion-flex-column\" style=\"--awb-padding-top:10px;--awb-bg-blend:overlay;--awb-bg-size:cover;--awb-width-large:33.333333333333%;--awb-margin-top-large:0px;--awb-spacing-right-large:5.7%;--awb-margin-bottom-large:0px;--awb-spacing-left-large:5.7%;--awb-width-medium:33.333333333333%;--awb-spacing-right-medium:5.7%;--awb-spacing-left-medium:5.7%;--awb-width-small:100%;--awb-spacing-right-small:2.375%;--awb-spacing-left-small:2.375%;\"><div class=\"fusion-column-wrapper fusion-flex-justify-content-flex-start fusion-content-layout-column\"><div class=\"fusion-text fusion-text-8\"><p>Profesional con experiencia y trato amable\u00bb<\/p>\n<\/div><div class=\"fusion-text fusion-text-9\"><p>Carmen D\u00edaz<\/p>\n<\/div><\/div><\/div><div class=\"fusion-layout-column fusion_builder_column fusion-builder-column-9 fusion_builder_column_1_3 1_3 fusion-flex-column\" style=\"--awb-padding-top:10px;--awb-bg-blend:overlay;--awb-bg-size:cover;--awb-width-large:33.333333333333%;--awb-margin-top-large:0px;--awb-spacing-right-large:7.125%;--awb-margin-bottom-large:0px;--awb-spacing-left-large:5.7%;--awb-width-medium:33.333333333333%;--awb-spacing-right-medium:7.125%;--awb-spacing-left-medium:5.7%;--awb-width-small:100%;--awb-spacing-right-small:2.375%;--awb-spacing-left-small:2.375%;\"><div class=\"fusion-column-wrapper fusion-flex-justify-content-flex-start fusion-content-layout-column\"><div class=\"fusion-text fusion-text-10\"><p>\u00abMuy buen profesional, lo recomiendo.\u00bb<\/p>\n<\/div><div class=\"fusion-text fusion-text-11\"><p>Patricia Perez<\/p>\n<\/div><\/div><\/div><\/div><\/div><\/p>\n","protected":false},"excerpt":{"rendered":"","protected":false},"author":1,"featured_media":0,"parent":0,"menu_order":0,"comment_status":"closed","ping_status":"closed","template":"100-width.php","meta":{"content-type":"","footnotes":""},"class_list":["post-1967","page","type-page","status-publish","hentry"],"_links":{"self":[{"href":"https:\/\/podoarco.com\/index.php?rest_route=\/wp\/v2\/pages\/1967","targetHints":{"allow":["GET"]}}],"collection":[{"href":"https:\/\/podoarco.com\/index.php?rest_route=\/wp\/v2\/pages"}],"about":[{"href":"https:\/\/podoarco.com\/index.php?rest_route=\/wp\/v2\/types\/page"}],"author":[{"embeddable":true,"href":"https:\/\/podoarco.com\/index.php?rest_route=\/wp\/v2\/users\/1"}],"replies":[{"embeddable":true,"href":"https:\/\/podoarco.com\/index.php?rest_route=%2Fwp%2Fv2%2Fcomments&post=1967"}],"version-history":[{"count":44,"href":"https:\/\/podoarco.com\/index.php?rest_route=\/wp\/v2\/pages\/1967\/revisions"}],"predecessor-version":[{"id":2127,"href":"https:\/\/podoarco.com\/index.php?rest_route=\/wp\/v2\/pages\/1967\/revisions\/2127"}],"wp:attachment":[{"href":"https:\/\/podoarco.com\/index.php?rest_route=%2Fwp%2Fv2%2Fmedia&parent=1967"}],"curies":[{"name":"wp","href":"https:\/\/api.w.org\/{rel}","templated":true}]}}